{"id":80,"date":"2025-09-11T11:44:55","date_gmt":"2025-09-11T11:44:55","guid":{"rendered":"https:\/\/serene-blackburn.65-21-190-2.plesk.page\/?page_id=80"},"modified":"2025-09-15T10:56:31","modified_gmt":"2025-09-15T10:56:31","slug":"om-arrangementet","status":"publish","type":"page","link":"https:\/\/serene-blackburn.65-21-190-2.plesk.page\/?page_id=80","title":{"rendered":"Om Arrangementet"},"content":{"rendered":"\n<div class=\"wp-block-media-text is-stacked-on-mobile\" style=\"grid-template-columns:26% auto\"><figure class=\"wp-block-media-text__media\"><img fetchpriority=\"high\" decoding=\"async\" width=\"819\" height=\"1024\" src=\"https:\/\/serene-blackburn.65-21-190-2.plesk.page\/wp-content\/uploads\/2025\/09\/kongsbergmarken-1-819x1024.png\" alt=\"\" class=\"wp-image-16 size-full\" srcset=\"https:\/\/serene-blackburn.65-21-190-2.plesk.page\/wp-content\/uploads\/2025\/09\/kongsbergmarken-1-819x1024.png 819w, https:\/\/serene-blackburn.65-21-190-2.plesk.page\/wp-content\/uploads\/2025\/09\/kongsbergmarken-1-240x300.png 240w, https:\/\/serene-blackburn.65-21-190-2.plesk.page\/wp-content\/uploads\/2025\/09\/kongsbergmarken-1-768x960.png 768w, https:\/\/serene-blackburn.65-21-190-2.plesk.page\/wp-content\/uploads\/2025\/09\/kongsbergmarken-1-1229x1536.png 1229w, https:\/\/serene-blackburn.65-21-190-2.plesk.page\/wp-content\/uploads\/2025\/09\/kongsbergmarken-1-1638x2048.png 1638w, https:\/\/serene-blackburn.65-21-190-2.plesk.page\/wp-content\/uploads\/2025\/09\/kongsbergmarken-1-scaled.png 2048w\" sizes=\"(max-width: 819px) 100vw, 819px\" \/><\/figure><div class=\"wp-block-media-text__content\">\n<p>Kongsberg marken er en tradisjonsrik begivenhet med r\u00f8tter tilbake til 1600-tallet. Det er et av Norges eldste og st\u00f8rste markeder, og det tiltrekker seg mange bes\u00f8kende fra byen og andre deler av landet hvert \u00e5r. Markedet byr p\u00e5 et stort utvalg av varer, mat og aktiviteter, inkludert konserter og underholdning <\/p>\n<\/div><\/div>\n\n\n\n<p><\/p>\n","protected":false},"excerpt":{"rendered":"<p>Kongsberg marken er en tradisjonsrik begivenhet med r\u00f8tter tilbake til 1600-tallet. Det er et av Norges eldste og st\u00f8rste markeder, og det tiltrekker seg mange bes\u00f8kende fra byen og andre deler av landet hvert \u00e5r. Markedet byr p\u00e5 et stort &hellip;<\/p>\n<p class=\"read-more\"> <a class=\"more-link\" href=\"https:\/\/serene-blackburn.65-21-190-2.plesk.page\/?page_id=80\"> <span class=\"screen-reader-text\">Om Arrangementet<\/span> Read More &raquo;<\/a><\/p>\n","protected":false},"author":1,"featured_media":0,"parent":0,"menu_order":0,"comment_status":"closed","ping_status":"closed","template":"","meta":{"_acf_changed":false,"footnotes":""},"class_list":["post-80","page","type-page","status-publish","hentry"],"acf":[],"_links":{"self":[{"href":"https:\/\/serene-blackburn.65-21-190-2.plesk.page\/index.php?rest_route=\/wp\/v2\/pages\/80","targetHints":{"allow":["GET"]}}],"collection":[{"href":"https:\/\/serene-blackburn.65-21-190-2.plesk.page\/index.php?rest_route=\/wp\/v2\/pages"}],"about":[{"href":"https:\/\/serene-blackburn.65-21-190-2.plesk.page\/index.php?rest_route=\/wp\/v2\/types\/page"}],"author":[{"embeddable":true,"href":"https:\/\/serene-blackburn.65-21-190-2.plesk.page\/index.php?rest_route=\/wp\/v2\/users\/1"}],"replies":[{"embeddable":true,"href":"https:\/\/serene-blackburn.65-21-190-2.plesk.page\/index.php?rest_route=%2Fwp%2Fv2%2Fcomments&post=80"}],"version-history":[{"count":2,"href":"https:\/\/serene-blackburn.65-21-190-2.plesk.page\/index.php?rest_route=\/wp\/v2\/pages\/80\/revisions"}],"predecessor-version":[{"id":107,"href":"https:\/\/serene-blackburn.65-21-190-2.plesk.page\/index.php?rest_route=\/wp\/v2\/pages\/80\/revisions\/107"}],"wp:attachment":[{"href":"https:\/\/serene-blackburn.65-21-190-2.plesk.page\/index.php?rest_route=%2Fwp%2Fv2%2Fmedia&parent=80"}],"curies":[{"name":"wp","href":"https:\/\/api.w.org\/{rel}","templated":true}]}}