{"id":51,"date":"2025-09-10T09:02:30","date_gmt":"2025-09-10T09:02:30","guid":{"rendered":"https:\/\/serene-blackburn.65-21-190-2.plesk.page\/?page_id=51"},"modified":"2025-09-15T09:22:36","modified_gmt":"2025-09-15T09:22:36","slug":"aktiviteter","status":"publish","type":"page","link":"https:\/\/serene-blackburn.65-21-190-2.plesk.page\/?page_id=51","title":{"rendered":"Karuseller og Boder"},"content":{"rendered":"\n<figure class=\"wp-block-image size-large\"><img fetchpriority=\"high\" decoding=\"async\" width=\"1024\" height=\"508\" src=\"https:\/\/serene-blackburn.65-21-190-2.plesk.page\/wp-content\/uploads\/2025\/09\/marken02-1-1024x508.jpg\" alt=\"\" class=\"wp-image-58\" srcset=\"https:\/\/serene-blackburn.65-21-190-2.plesk.page\/wp-content\/uploads\/2025\/09\/marken02-1-1024x508.jpg 1024w, https:\/\/serene-blackburn.65-21-190-2.plesk.page\/wp-content\/uploads\/2025\/09\/marken02-1-300x149.jpg 300w, https:\/\/serene-blackburn.65-21-190-2.plesk.page\/wp-content\/uploads\/2025\/09\/marken02-1-768x381.jpg 768w, https:\/\/serene-blackburn.65-21-190-2.plesk.page\/wp-content\/uploads\/2025\/09\/marken02-1.jpg 1200w\" sizes=\"(max-width: 1024px) 100vw, 1024px\" \/><\/figure>\n\n\n\n<p>Det finnes forskjellige aktiviteter man kan se p\u00e5 eller gj\u00f8re n\u00e5r marken er i byen, som for eksempel tivoli, med forskjellige karuseller, eller boder med premier du kan vinne eller kj\u00f8pe mat. Kongsbergmarken har tradisjonelt hatt boder, men ikke karuseller siden 2020, da tivoliet trakk seg og arrang\u00f8ren ikke fant andre akt\u00f8rer. Fra 2019 er det ASVO-Kongsberg AS som arrangerer, med fokus p\u00e5 torghandel, god mat og sosial m\u00f8teplass med god stemning og aktiviteter for alle. \u00c5rets arrangement i 2024 presenterte markenet boder, smultringer og p\u00f8lser, men ogs\u00e5 dans, magi, boklansering og mye mer, arrangert av ASVO-Kongsberg i samarbeid med andre. Det legges opp til en trivelig og sosial m\u00f8teplass for b\u00e5de innbyggere og bes\u00f8kende, der man kan gj\u00f8re gode kj\u00f8p og m\u00f8te kjente for en bedre opplevelse av markenet.<\/p>\n\n\n\n<figure class=\"wp-block-image size-large\"><img decoding=\"async\" width=\"768\" height=\"1024\" src=\"https:\/\/serene-blackburn.65-21-190-2.plesk.page\/wp-content\/uploads\/2025\/09\/received_3478534282220700-768x1024.jpeg\" alt=\"\" class=\"wp-image-69\" srcset=\"https:\/\/serene-blackburn.65-21-190-2.plesk.page\/wp-content\/uploads\/2025\/09\/received_3478534282220700-768x1024.jpeg 768w, https:\/\/serene-blackburn.65-21-190-2.plesk.page\/wp-content\/uploads\/2025\/09\/received_3478534282220700-225x300.jpeg 225w, https:\/\/serene-blackburn.65-21-190-2.plesk.page\/wp-content\/uploads\/2025\/09\/received_3478534282220700-1152x1536.jpeg 1152w, https:\/\/serene-blackburn.65-21-190-2.plesk.page\/wp-content\/uploads\/2025\/09\/received_3478534282220700.jpeg 1368w\" sizes=\"(max-width: 768px) 100vw, 768px\" \/><\/figure>\n","protected":false},"excerpt":{"rendered":"<p>Det finnes forskjellige aktiviteter man kan se p\u00e5 eller gj\u00f8re n\u00e5r marken er i byen, som for eksempel tivoli, med forskjellige karuseller, eller boder med premier du kan vinne eller kj\u00f8pe mat. Kongsbergmarken har tradisjonelt hatt boder, men ikke karuseller &hellip;<\/p>\n<p class=\"read-more\"> <a class=\"more-link\" href=\"https:\/\/serene-blackburn.65-21-190-2.plesk.page\/?page_id=51\"> <span class=\"screen-reader-text\">Karuseller og Boder<\/span> Read More &raquo;<\/a><\/p>\n","protected":false},"author":1,"featured_media":0,"parent":0,"menu_order":0,"comment_status":"closed","ping_status":"closed","template":"","meta":{"_acf_changed":false,"footnotes":""},"class_list":["post-51","page","type-page","status-publish","hentry"],"acf":[],"_links":{"self":[{"href":"https:\/\/serene-blackburn.65-21-190-2.plesk.page\/index.php?rest_route=\/wp\/v2\/pages\/51","targetHints":{"allow":["GET"]}}],"collection":[{"href":"https:\/\/serene-blackburn.65-21-190-2.plesk.page\/index.php?rest_route=\/wp\/v2\/pages"}],"about":[{"href":"https:\/\/serene-blackburn.65-21-190-2.plesk.page\/index.php?rest_route=\/wp\/v2\/types\/page"}],"author":[{"embeddable":true,"href":"https:\/\/serene-blackburn.65-21-190-2.plesk.page\/index.php?rest_route=\/wp\/v2\/users\/1"}],"replies":[{"embeddable":true,"href":"https:\/\/serene-blackburn.65-21-190-2.plesk.page\/index.php?rest_route=%2Fwp%2Fv2%2Fcomments&post=51"}],"version-history":[{"count":6,"href":"https:\/\/serene-blackburn.65-21-190-2.plesk.page\/index.php?rest_route=\/wp\/v2\/pages\/51\/revisions"}],"predecessor-version":[{"id":136,"href":"https:\/\/serene-blackburn.65-21-190-2.plesk.page\/index.php?rest_route=\/wp\/v2\/pages\/51\/revisions\/136"}],"wp:attachment":[{"href":"https:\/\/serene-blackburn.65-21-190-2.plesk.page\/index.php?rest_route=%2Fwp%2Fv2%2Fmedia&parent=51"}],"curies":[{"name":"wp","href":"https:\/\/api.w.org\/{rel}","templated":true}]}}