{"id":43,"date":"2025-09-10T07:57:03","date_gmt":"2025-09-10T07:57:03","guid":{"rendered":"https:\/\/serene-blackburn.65-21-190-2.plesk.page\/?page_id=43"},"modified":"2026-02-16T08:45:20","modified_gmt":"2026-02-16T08:45:20","slug":"historien-til-kongsberg-marken","status":"publish","type":"page","link":"https:\/\/serene-blackburn.65-21-190-2.plesk.page\/?page_id=43","title":{"rendered":"Historien til Kongsberg Marken"},"content":{"rendered":"<p>Hvert \u00e5r i uke 9 <a href=\"https:\/\/serene-blackburn.65-21-190-2.plesk.page\/wp-admin\/post.php?post=80&amp;action=edit\">arrangeres<\/a> det torghandel med godt og variert utvalg av boder og utstillere. Arrangementet er \u00e5pent for alle og det legges opp til en sosial og trivelig m\u00f8teplass for byens innbyggere og bes\u00f8kende. Kongsberg Marken er et tradisjonsrikt marked og folkefest som arrangeres \u00e5rlig i Kongsberg, vanligvis i februar eller mars. Arrangementet har r\u00f8tter tilbake til 1700-tallet og er kjent for \u00e5 samle b\u00e5de lokalbefolkning og tilreisende til en helg fylt med aktiviteter, handel og underholdning. Sentrum av byen fylles med salgsboder, matservering, konserter og ulike aktiviteter for b\u00e5de barn og voksne. Markedet har en blanding av gammeldags markedstradisjon og moderne innslag, og gir b\u00e5de sm\u00e5produsenter og st\u00f8rre akt\u00f8rer mulighet til \u00e5 vise frem og selge varer. Kongsberg marken er en tradisjon i kongsberg som har vart de siste 400 \u00e5rene, det starter 9 februar og varer alltid en uke. og har skapt en ny tradisjon rundt arrangementet p\u00e5 Nytorget, som tilbyr torghandel med ulike boder, god mat og annen underholdning for hele befolkningen det var opprinnelig et m\u00f8te sted for handel, ASVO-Kongsberg tok over ansvaret for \u00e5 arrangere kongsberg marken i 2019. Kongsberg marken er et av Norges eldste arrangementer som fortsatt arrangeres, noe som gj\u00f8r det til en viktig kulturell tradisjon. Arrangementet har et variert utvalg av boder, med alt fra leker til barn og mat til verkt\u00f8y og karuseller. Det , legges opp til en trivelig og sosial m\u00f8teplass med aktiviteter for liten og stor. mens 2024-arrangementet ble holdt p\u00e5 Kirketorget, var det tilbake p\u00e5 Nytorget i 2025 for \u00e5 gi en mer intim atmosf\u00e6re, noe som har blitt en ny tradisjon for folka i kongsberg.\u00a0 markenet kommer tilbake til kongsberg i 2026, slutten av februar.\u00a0<\/p>\t\t\t\t\t\t\t\t\t\t\t\t\t<img fetchpriority=\"high\" decoding=\"async\" width=\"605\" height=\"807\" src=\"https:\/\/serene-blackburn.65-21-190-2.plesk.page\/wp-content\/uploads\/2025\/09\/received_2742169799402672-1-768x1024.jpeg\" alt=\"\" srcset=\"https:\/\/serene-blackburn.65-21-190-2.plesk.page\/wp-content\/uploads\/2025\/09\/received_2742169799402672-1-768x1024.jpeg 768w, https:\/\/serene-blackburn.65-21-190-2.plesk.page\/wp-content\/uploads\/2025\/09\/received_2742169799402672-1-225x300.jpeg 225w, https:\/\/serene-blackburn.65-21-190-2.plesk.page\/wp-content\/uploads\/2025\/09\/received_2742169799402672-1-1152x1536.jpeg 1152w, https:\/\/serene-blackburn.65-21-190-2.plesk.page\/wp-content\/uploads\/2025\/09\/received_2742169799402672-1.jpeg 1368w\" sizes=\"(max-width: 605px) 100vw, 605px\" \/>\t\t\t\t\t\t\t\t\t\t\t\t\t\t\t\t\t\t\t\t\t\t\t\t\t\t<img decoding=\"async\" width=\"605\" height=\"807\" src=\"https:\/\/serene-blackburn.65-21-190-2.plesk.page\/wp-content\/uploads\/2025\/09\/received_3478534282220700.jpeg\" alt=\"\" srcset=\"https:\/\/serene-blackburn.65-21-190-2.plesk.page\/wp-content\/uploads\/2025\/09\/received_3478534282220700.jpeg 1368w, https:\/\/serene-blackburn.65-21-190-2.plesk.page\/wp-content\/uploads\/2025\/09\/received_3478534282220700-225x300.jpeg 225w, https:\/\/serene-blackburn.65-21-190-2.plesk.page\/wp-content\/uploads\/2025\/09\/received_3478534282220700-768x1024.jpeg 768w, https:\/\/serene-blackburn.65-21-190-2.plesk.page\/wp-content\/uploads\/2025\/09\/received_3478534282220700-1152x1536.jpeg 1152w\" sizes=\"(max-width: 605px) 100vw, 605px\" \/>\t\t\t\t\t\t\t\t\t\t\t\t\t<h6><img decoding=\"async\" style=\"width: 492px; height: auto;\" src=\"https:\/\/serene-blackburn.65-21-190-2.plesk.page\/wp-content\/uploads\/2025\/09\/logo_marken-kopi-2-1.png\" alt=\"\" \/><\/h6>\n<p><!-- \/wp:post-content --><!-- wp:media-text {\"mediaId\":33,\"mediaLink\":\"https:\/\/serene-blackburn.65-21-190-2.plesk.page\/?attachment_id=33\",\"mediaType\":\"image\"} --><\/p>\n<figure><\/figure>\n<p><!-- wp:paragraph {\"placeholder\":\"Innhold...\"} --><\/p>\n<p>Hvert \u00e5r i uke 9 arrangeres det torghandel med godt og variert utvalg av boder og utstillere. Arrangementet er \u00e5pent for alle og det legges opp til en sosial og trivelig m\u00f8teplass for byens innbyggere og bes\u00f8kende. Kongsberg Marken er et tradisjonsrikt marked og folkefest som arrangeres \u00e5rlig i Kongsberg, vanligvis i februar eller mars. Arrangementet har r\u00f8tter tilbake til 1700-tallet og er kjent for \u00e5 samle b\u00e5de lokalbefolkning og tilreisende til en helg fylt med aktiviteter, handel og underholdning. Sentrum av byen fylles med salgsboder, matservering, konserter og ulike aktiviteter for b\u00e5de barn og voksne. Markedet har en blanding av gammeldags markedstradisjon og moderne innslag, og gir b\u00e5de sm\u00e5produsenter og st\u00f8rre akt\u00f8rer mulighet til \u00e5 vise frem og selge varer. Kongsberg marken er en tradisjon i kongsberg som har vart de siste 400 \u00e5rene, det starter 9 februar og varer alltid en uke. og har skapt en ny tradisjon rundt arrangementet p\u00e5 Nytorget, som tilbyr torghandel med ulike boder, god mat og annen underholdning for hele befolkningen det var opprinnelig et m\u00f8te sted for handel, ASVO-Kongsberg tok over ansvaret for \u00e5 arrangere kongsberg marken i 2019. Kongsberg marken er et av Norges eldste arrangementer som fortsatt arrangeres, noe som gj\u00f8r det til en viktig kulturell tradisjon. Arrangementet har et variert utvalg av boder, med alt fra leker til barn og mat til verkt\u00f8y og karuseller. Det , legges opp til en trivelig og sosial m\u00f8teplass med aktiviteter for liten og stor. mens 2024-arrangementet ble holdt p\u00e5 Kirketorget, var det tilbake p\u00e5 Nytorget i 2025 for \u00e5 gi en mer intim atmosf\u00e6re, noe som har blitt en ny tradisjon.<\/p>\n<p><!-- \/wp:paragraph --><!-- wp:details --><\/p>\n<details>\n<summary>Kongsberg<\/summary>\n<p><!-- wp:image {\"id\":49,\"sizeSlug\":\"large\",\"linkDestination\":\"none\"} --><\/p>\n<figure><img decoding=\"async\" src=\"https:\/\/serene-blackburn.65-21-190-2.plesk.page\/wp-content\/uploads\/2025\/09\/31nyhFoss29-1024x768.jpg\" alt=\"\" \/><\/figure>\n<p><!-- \/wp:image --><!-- wp:image {\"id\":61,\"width\":\"840px\",\"height\":\"auto\",\"sizeSlug\":\"full\",\"linkDestination\":\"none\"} --><\/p>\n<figure><img decoding=\"async\" style=\"width: 840px; height: auto;\" src=\"https:\/\/serene-blackburn.65-21-190-2.plesk.page\/wp-content\/uploads\/2025\/09\/53f48b76-655e-42c7-8214-e97424ddb8d8.webp\" alt=\"\" \/><\/figure>\n<p><!-- \/wp:image --><!-- wp:image --><\/p>\n<figure><img alt=\"\" \/><\/figure>\n<p><!-- \/wp:image --><\/p>\n<\/details>\n<p><!-- \/wp:details --><!-- wp:heading --><\/p>\n<h2>Grunnleggeren av Kongsberg<\/h2>\n<p><!-- \/wp:heading --><!-- wp:paragraph --><\/p>\n<p>N\u00e5r Kongsberg ble grunnlagt ble Kongsberg Marken en tradisjon, som er et \u00e5rs arrangement, det ikke stiftet av en enkelt person, men stammer fra selve grunnleggelsen av Kongsberg by av Kong Christian IV i 1624, som en torghandel knyttet til s\u00f8lvverket. Arrangementet har utviklet seg over tid, og i dag er det ASVO-Kongsberg AS, en organisasjon som tilbyr st\u00f8tte for personer med behov for tilrettelagt arbeid, som har det offisielle ansvaret for \u00e5 arrangere Kongsberg Marken.\u00a0<\/p>\n<p>\u00a0<\/p>\n<p>\u00a0<\/p>\n<p>\u00a0<\/p>\n<p>\u00a0<\/p>\n<p>\u00a0<\/p>\n<p>\u00a0<\/p>\n<p>\u00a0<\/p>\n<p>\u00a0<\/p>\n<p>hhh<\/p>\n<p><!-- \/wp:paragraph --><!-- wp:paragraph --><\/p>\n<p><!-- \/wp:paragraph --><\/p>","protected":false},"excerpt":{"rendered":"<p>Hvert \u00e5r i uke 9 arrangeres det torghandel med godt og variert utvalg av boder og utstillere. Arrangementet er \u00e5pent for alle og det legges opp til en sosial og trivelig m\u00f8teplass for byens innbyggere og bes\u00f8kende. Kongsberg Marken er &hellip;<\/p>\n<p class=\"read-more\"> <a class=\"more-link\" href=\"https:\/\/serene-blackburn.65-21-190-2.plesk.page\/?page_id=43\"> <span class=\"screen-reader-text\">Historien til Kongsberg Marken<\/span> Read More &raquo;<\/a><\/p>\n","protected":false},"author":1,"featured_media":0,"parent":0,"menu_order":0,"comment_status":"closed","ping_status":"closed","template":"","meta":{"_acf_changed":false,"footnotes":""},"class_list":["post-43","page","type-page","status-publish","hentry"],"acf":[],"_links":{"self":[{"href":"https:\/\/serene-blackburn.65-21-190-2.plesk.page\/index.php?rest_route=\/wp\/v2\/pages\/43","targetHints":{"allow":["GET"]}}],"collection":[{"href":"https:\/\/serene-blackburn.65-21-190-2.plesk.page\/index.php?rest_route=\/wp\/v2\/pages"}],"about":[{"href":"https:\/\/serene-blackburn.65-21-190-2.plesk.page\/index.php?rest_route=\/wp\/v2\/types\/page"}],"author":[{"embeddable":true,"href":"https:\/\/serene-blackburn.65-21-190-2.plesk.page\/index.php?rest_route=\/wp\/v2\/users\/1"}],"replies":[{"embeddable":true,"href":"https:\/\/serene-blackburn.65-21-190-2.plesk.page\/index.php?rest_route=%2Fwp%2Fv2%2Fcomments&post=43"}],"version-history":[{"count":11,"href":"https:\/\/serene-blackburn.65-21-190-2.plesk.page\/index.php?rest_route=\/wp\/v2\/pages\/43\/revisions"}],"predecessor-version":[{"id":150,"href":"https:\/\/serene-blackburn.65-21-190-2.plesk.page\/index.php?rest_route=\/wp\/v2\/pages\/43\/revisions\/150"}],"wp:attachment":[{"href":"https:\/\/serene-blackburn.65-21-190-2.plesk.page\/index.php?rest_route=%2Fwp%2Fv2%2Fmedia&parent=43"}],"curies":[{"name":"wp","href":"https:\/\/api.w.org\/{rel}","templated":true}]}}